{"id":58,"date":"2023-02-13T21:34:43","date_gmt":"2023-02-13T20:34:43","guid":{"rendered":"https:\/\/hu.rizlingandfriends.de\/?page_id=58"},"modified":"2023-04-14T08:01:47","modified_gmt":"2023-04-14T06:01:47","slug":"fooldal","status":"publish","type":"page","link":"https:\/\/hu.rizlingandfriends.de\/","title":{"rendered":"F\u0150OLDAL"},"content":{"rendered":"\t\t<div data-elementor-type=\"wp-page\" data-elementor-id=\"58\" class=\"elementor elementor-58\">\n\t\t\t\t\t\t<section class=\"elementor-section elementor-top-section elementor-element elementor-element-70a74afa elementor-section-stretched elementor-section-boxed elementor-section-height-default elementor-section-height-default\" data-id=\"70a74afa\" data-element_type=\"section\" data-e-type=\"section\" id=\"home\" data-settings=\"{&quot;stretch_section&quot;:&quot;section-stretched&quot;,&quot;background_background&quot;:&quot;slideshow&quot;,&quot;background_slideshow_gallery&quot;:[{&quot;id&quot;:61,&quot;url&quot;:&quot;http:\\\/\\\/hu.rizlingandfriends.de\\\/wp-content\\\/uploads\\\/sites\\\/7\\\/2023\\\/02\\\/DJI_20210923_073900_064-scaled-1.jpg&quot;}],&quot;background_slideshow_loop&quot;:&quot;yes&quot;,&quot;background_slideshow_slide_duration&quot;:5000,&quot;background_slideshow_slide_transition&quot;:&quot;fade&quot;,&quot;background_slideshow_transition_duration&quot;:500}\">\n\t\t\t\t\t\t\t<div class=\"elementor-background-overlay\"><\/div>\n\t\t\t\t\t\t\t<div class=\"elementor-container elementor-column-gap-default\">\n\t\t\t\t\t<div class=\"elementor-column elementor-col-100 elementor-top-column elementor-element elementor-element-4b61e36f\" data-id=\"4b61e36f\" data-element_type=\"column\" data-e-type=\"column\">\n\t\t\t<div class=\"elementor-widget-wrap elementor-element-populated\">\n\t\t\t\t\t\t<section class=\"elementor-section elementor-inner-section elementor-element elementor-element-2cbd0885 elementor-section-boxed elementor-section-height-default elementor-section-height-default\" data-id=\"2cbd0885\" data-element_type=\"section\" data-e-type=\"section\" data-settings=\"{&quot;background_background&quot;:&quot;classic&quot;}\">\n\t\t\t\t\t\t<div class=\"elementor-container elementor-column-gap-no\">\n\t\t\t\t\t<div class=\"elementor-column elementor-col-100 elementor-inner-column elementor-element elementor-element-13ef0e7\" data-id=\"13ef0e7\" data-element_type=\"column\" data-e-type=\"column\">\n\t\t\t<div class=\"elementor-widget-wrap elementor-element-populated\">\n\t\t\t\t\t\t<div class=\"elementor-element elementor-element-4ad994a elementor-widget elementor-widget-image\" data-id=\"4ad994a\" data-element_type=\"widget\" data-e-type=\"widget\" data-widget_type=\"image.default\">\n\t\t\t\t<div class=\"elementor-widget-container\">\n\t\t\t\t\t\t\t\t\t\t\t\t\t\t\t<img decoding=\"async\" src=\"http:\/\/hu.rizlingandfriends.de\/wp-content\/uploads\/2022\/10\/logo-03.png\" title=\"\" alt=\"\" loading=\"lazy\" \/>\t\t\t\t\t\t\t\t\t\t\t\t\t\t\t<\/div>\n\t\t\t\t<\/div>\n\t\t\t\t<div class=\"elementor-element elementor-element-0f6fafa elementor-widget elementor-widget-spacer\" data-id=\"0f6fafa\" data-element_type=\"widget\" data-e-type=\"widget\" data-widget_type=\"spacer.default\">\n\t\t\t\t<div class=\"elementor-widget-container\">\n\t\t\t\t\t\t\t<div class=\"elementor-spacer\">\n\t\t\t<div class=\"elementor-spacer-inner\"><\/div>\n\t\t<\/div>\n\t\t\t\t\t\t<\/div>\n\t\t\t\t<\/div>\n\t\t\t\t\t<\/div>\n\t\t<\/div>\n\t\t\t\t\t<\/div>\n\t\t<\/section>\n\t\t\t\t<div class=\"elementor-element elementor-element-405925fa elementor-align-center elementor-widget elementor-widget-button\" data-id=\"405925fa\" data-element_type=\"widget\" data-e-type=\"widget\" data-widget_type=\"button.default\">\n\t\t\t\t<div class=\"elementor-widget-container\">\n\t\t\t\t\t\t\t\t\t<div class=\"elementor-button-wrapper\">\n\t\t\t\t\t<a class=\"elementor-button elementor-button-link elementor-size-md\" href=\"https:\/\/hu.rizlingandfriends.de\/?page_id=84\">\n\t\t\t\t\t\t<span class=\"elementor-button-content-wrapper\">\n\t\t\t\t\t\t<span class=\"elementor-button-icon\">\n\t\t\t\t<i aria-hidden=\"true\" class=\"fas fa-long-arrow-alt-right\"><\/i>\t\t\t<\/span>\n\t\t\t\t\t\t\t\t\t<span class=\"elementor-button-text\">ir\u00e1ny a borospince<\/span>\n\t\t\t\t\t<\/span>\n\t\t\t\t\t<\/a>\n\t\t\t\t<\/div>\n\t\t\t\t\t\t\t\t<\/div>\n\t\t\t\t<\/div>\n\t\t\t\t\t<\/div>\n\t\t<\/div>\n\t\t\t\t\t<\/div>\n\t\t<\/section>\n\t\t\t\t<section class=\"elementor-section elementor-top-section elementor-element elementor-element-27604516 elementor-section-boxed elementor-section-height-default elementor-section-height-default\" data-id=\"27604516\" data-element_type=\"section\" data-e-type=\"section\" id=\"features\">\n\t\t\t\t\t\t<div class=\"elementor-container elementor-column-gap-default\">\n\t\t\t\t\t<div class=\"elementor-column elementor-col-100 elementor-top-column elementor-element elementor-element-3c595e53\" data-id=\"3c595e53\" data-element_type=\"column\" data-e-type=\"column\">\n\t\t\t<div class=\"elementor-widget-wrap elementor-element-populated\">\n\t\t\t\t\t\t<section class=\"elementor-section elementor-inner-section elementor-element elementor-element-39984ee elementor-section-boxed elementor-section-height-default elementor-section-height-default\" data-id=\"39984ee\" data-element_type=\"section\" data-e-type=\"section\">\n\t\t\t\t\t\t<div class=\"elementor-container elementor-column-gap-default\">\n\t\t\t\t\t<div class=\"elementor-column elementor-col-50 elementor-inner-column elementor-element elementor-element-4b8adf37\" data-id=\"4b8adf37\" data-element_type=\"column\" data-e-type=\"column\">\n\t\t\t<div class=\"elementor-widget-wrap elementor-element-populated\">\n\t\t\t\t\t\t<div class=\"elementor-element elementor-element-46b94786 elementor-widget elementor-widget-image\" data-id=\"46b94786\" data-element_type=\"widget\" data-e-type=\"widget\" data-widget_type=\"image.default\">\n\t\t\t\t<div class=\"elementor-widget-container\">\n\t\t\t\t\t\t\t\t\t\t\t\t\t\t\t<img decoding=\"async\" src=\"http:\/\/hu.rizlingandfriends.de\/wp-content\/uploads\/2022\/12\/Content_Kisapati-19.jpg\" title=\"\" alt=\"\" loading=\"lazy\" \/>\t\t\t\t\t\t\t\t\t\t\t\t\t\t\t<\/div>\n\t\t\t\t<\/div>\n\t\t\t\t\t<\/div>\n\t\t<\/div>\n\t\t\t\t<div class=\"elementor-column elementor-col-50 elementor-inner-column elementor-element elementor-element-1cc1bd4d\" data-id=\"1cc1bd4d\" data-element_type=\"column\" data-e-type=\"column\">\n\t\t\t<div class=\"elementor-widget-wrap elementor-element-populated\">\n\t\t\t\t\t\t<div class=\"elementor-element elementor-element-15acf0c8 elementor-widget elementor-widget-text-editor\" data-id=\"15acf0c8\" data-element_type=\"widget\" data-e-type=\"widget\" data-widget_type=\"text-editor.default\">\n\t\t\t\t<div class=\"elementor-widget-container\">\n\t\t\t\t\t\t\t\t\t<p style=\"text-align: left;\"><br \/><img fetchpriority=\"high\" fetchpriority=\"high\" decoding=\"async\" class=\"alignleft wp-image-13492 size-large\" src=\"http:\/\/hu.rizlingandfriends.de\/wp-content\/uploads\/2023\/04\/BD18A053-34C2-4103-A3EA-77D54DCC6E5B-1024x518.jpeg\" alt=\"\" width=\"800\" height=\"405\" srcset=\"https:\/\/hu.rizlingandfriends.de\/wp-content\/uploads\/2023\/04\/BD18A053-34C2-4103-A3EA-77D54DCC6E5B-1024x518.jpeg 1024w, https:\/\/hu.rizlingandfriends.de\/wp-content\/uploads\/2023\/04\/BD18A053-34C2-4103-A3EA-77D54DCC6E5B-300x152.jpeg 300w, https:\/\/hu.rizlingandfriends.de\/wp-content\/uploads\/2023\/04\/BD18A053-34C2-4103-A3EA-77D54DCC6E5B-768x389.jpeg 768w, https:\/\/hu.rizlingandfriends.de\/wp-content\/uploads\/2023\/04\/BD18A053-34C2-4103-A3EA-77D54DCC6E5B.jpeg 1308w\" sizes=\"(max-width: 800px) 100vw, 800px\" \/><\/p><p style=\"text-align: left;\"><span style=\"font-size: 14pt;\">K\u00f6sz\u00f6nt\u00fcnk kis bor\u00e1szatunk weboldal\u00e1n! <br \/>Tarts vel\u00fcnk virtu\u00e1lisan \u00e9s fedezd fel\u00a0 a balatoni vulk\u00e1nok f\u00f6ldj\u00e9t.<\/span><\/p><p style=\"text-align: left;\"><span style=\"font-size: 14pt;\">Rizling, a kedvenc n\u00e9gyl\u00e1b\u00fa bar\u00e1tunk, k\u00eds\u00e9r\u0151t\u00e1rsunk lesz az sz\u0151l\u0151ben, a birtok \u00f6reg t\u0151k\u00e9i forgatag\u00e1ban. Kalandoz\u00e1sunk k\u00f6zben megismerj\u00fck Rizling bar\u00e1tait: az \u0151zeket, a nyulakat, a borzokat, azt a ravaszdi r\u00f3k\u00e1t \u00e9s persze G\u00e1bort, Gyul\u00e1t, Markuszt, Lukast, Mar\u00e1t \u00e9s a t\u00f6bbi bar\u00e1tunkat. <\/span><\/p><p style=\"text-align: left;\"><span style=\"font-size: 14pt;\">Lopakodj le vel\u00fcnk a pr\u00e9sh\u00e1z alatti pinc\u00e9be, leplezz\u00fck le a Szent Gy\u00f6rgy bazaltj\u00e1nak palackba z\u00e1rt szellem\u00e9t!<\/span><\/p><p style=\"text-align: right;\"><span style=\"font-size: 18pt;\">\u00c9lm\u00e9nyteli b\u00f6ng\u00e9sz\u00e9st k\u00edv\u00e1nunk &#8230;<br \/><\/span><span style=\"font-size: 18pt;\">\u00e9s most pedig ir\u00e1ny a sz\u0151l\u0151skert!<\/span><\/p>\t\t\t\t\t\t\t\t<\/div>\n\t\t\t\t<\/div>\n\t\t\t\t\t<\/div>\n\t\t<\/div>\n\t\t\t\t\t<\/div>\n\t\t<\/section>\n\t\t\t\t<section class=\"elementor-section elementor-inner-section elementor-element elementor-element-7d78597 elementor-section-boxed elementor-section-height-default elementor-section-height-default\" data-id=\"7d78597\" data-element_type=\"section\" data-e-type=\"section\">\n\t\t\t\t\t\t<div class=\"elementor-container elementor-column-gap-default\">\n\t\t\t\t\t<div class=\"elementor-column elementor-col-100 elementor-inner-column elementor-element elementor-element-221511fa\" data-id=\"221511fa\" data-element_type=\"column\" data-e-type=\"column\">\n\t\t\t<div class=\"elementor-widget-wrap elementor-element-populated\">\n\t\t\t\t\t\t<div class=\"elementor-element elementor-element-22b563f9 elementor-widget elementor-widget-image\" data-id=\"22b563f9\" data-element_type=\"widget\" data-e-type=\"widget\" data-widget_type=\"image.default\">\n\t\t\t\t<div class=\"elementor-widget-container\">\n\t\t\t\t\t\t\t\t\t\t\t\t<figure class=\"wp-caption\">\n\t\t\t\t\t\t\t\t\t\t<img decoding=\"async\" src=\"http:\/\/hu.rizlingandfriends.de\/wp-content\/uploads\/2022\/12\/Content_Kisapati-137.jpg\" title=\"\" alt=\"\" loading=\"lazy\" \/>\t\t\t\t\t\t\t\t\t\t\t<figcaption class=\"widget-image-caption wp-caption-text\">Rizling \u00e9s bar\u00e1tai. A 2021-es sz\u00fcreti csapat.<\/figcaption>\n\t\t\t\t\t\t\t\t\t\t<\/figure>\n\t\t\t\t\t\t\t\t\t<\/div>\n\t\t\t\t<\/div>\n\t\t\t\t<div class=\"elementor-element elementor-element-3b21042a elementor-widget elementor-widget-image\" data-id=\"3b21042a\" data-element_type=\"widget\" data-e-type=\"widget\" data-widget_type=\"image.default\">\n\t\t\t\t<div class=\"elementor-widget-container\">\n\t\t\t\t\t\t\t\t\t\t\t\t<figure class=\"wp-caption\">\n\t\t\t\t\t\t\t\t\t\t<img decoding=\"async\" src=\"http:\/\/hu.rizlingandfriends.de\/wp-content\/uploads\/2022\/09\/IMG_0691.jpg\" title=\"\" alt=\"\" loading=\"lazy\" \/>\t\t\t\t\t\t\t\t\t\t\t<figcaption class=\"widget-image-caption wp-caption-text\">A Badacsony fel\u00e9 n\u00e9zve<\/figcaption>\n\t\t\t\t\t\t\t\t\t\t<\/figure>\n\t\t\t\t\t\t\t\t\t<\/div>\n\t\t\t\t<\/div>\n\t\t\t\t\t<\/div>\n\t\t<\/div>\n\t\t\t\t\t<\/div>\n\t\t<\/section>\n\t\t\t\t<div class=\"elementor-element elementor-element-207eb6d8 elementor-widget elementor-widget-image\" data-id=\"207eb6d8\" data-element_type=\"widget\" data-e-type=\"widget\" data-widget_type=\"image.default\">\n\t\t\t\t<div class=\"elementor-widget-container\">\n\t\t\t\t\t\t\t\t\t\t\t\t<figure class=\"wp-caption\">\n\t\t\t\t\t\t\t\t\t\t<img decoding=\"async\" src=\"http:\/\/hu.rizlingandfriends.de\/wp-content\/uploads\/2022\/12\/Content_Kisapati-171.jpg\" title=\"\" alt=\"\" loading=\"lazy\" \/>\t\t\t\t\t\t\t\t\t\t\t<figcaption class=\"widget-image-caption wp-caption-text\">Hol vannak a nyulak?<\/figcaption>\n\t\t\t\t\t\t\t\t\t\t<\/figure>\n\t\t\t\t\t\t\t\t\t<\/div>\n\t\t\t\t<\/div>\n\t\t\t\t<div class=\"elementor-element elementor-element-740cb255 elementor-widget elementor-widget-image\" data-id=\"740cb255\" data-element_type=\"widget\" data-e-type=\"widget\" data-widget_type=\"image.default\">\n\t\t\t\t<div class=\"elementor-widget-container\">\n\t\t\t\t\t\t\t\t\t\t\t\t<figure class=\"wp-caption\">\n\t\t\t\t\t\t\t\t\t\t<img decoding=\"async\" src=\"http:\/\/hu.rizlingandfriends.de\/wp-content\/uploads\/2022\/12\/Content_Kisapati-182.jpg\" title=\"\" alt=\"\" loading=\"lazy\" \/>\t\t\t\t\t\t\t\t\t\t\t<figcaption class=\"widget-image-caption wp-caption-text\">A Szent Gy\u00f6rgy-hegy nyugalma var\u00e1zslatos<\/figcaption>\n\t\t\t\t\t\t\t\t\t\t<\/figure>\n\t\t\t\t\t\t\t\t\t<\/div>\n\t\t\t\t<\/div>\n\t\t\t\t<div class=\"elementor-element elementor-element-2c72131c elementor-widget elementor-widget-spacer\" data-id=\"2c72131c\" data-element_type=\"widget\" data-e-type=\"widget\" data-widget_type=\"spacer.default\">\n\t\t\t\t<div class=\"elementor-widget-container\">\n\t\t\t\t\t\t\t<div class=\"elementor-spacer\">\n\t\t\t<div class=\"elementor-spacer-inner\"><\/div>\n\t\t<\/div>\n\t\t\t\t\t\t<\/div>\n\t\t\t\t<\/div>\n\t\t\t\t\t<\/div>\n\t\t<\/div>\n\t\t\t\t\t<\/div>\n\t\t<\/section>\n\t\t\t\t<section class=\"elementor-section elementor-top-section elementor-element elementor-element-aafed3e elementor-section-stretched elementor-section-content-middle elementor-section-boxed elementor-section-height-default elementor-section-height-default\" data-id=\"aafed3e\" data-element_type=\"section\" data-e-type=\"section\" data-settings=\"{&quot;stretch_section&quot;:&quot;section-stretched&quot;,&quot;background_background&quot;:&quot;classic&quot;}\">\n\t\t\t\t\t\t\t<div class=\"elementor-background-overlay\"><\/div>\n\t\t\t\t\t\t\t<div class=\"elementor-container elementor-column-gap-default\">\n\t\t\t\t\t<div class=\"elementor-column elementor-col-50 elementor-top-column elementor-element elementor-element-76beec8a\" data-id=\"76beec8a\" data-element_type=\"column\" data-e-type=\"column\">\n\t\t\t<div class=\"elementor-widget-wrap\">\n\t\t\t\t\t\t\t<\/div>\n\t\t<\/div>\n\t\t\t\t<div class=\"elementor-column elementor-col-50 elementor-top-column elementor-element elementor-element-55204c5f\" data-id=\"55204c5f\" data-element_type=\"column\" data-e-type=\"column\">\n\t\t\t<div class=\"elementor-widget-wrap elementor-element-populated\">\n\t\t\t\t\t\t<div class=\"elementor-element elementor-element-3d6eedbb elementor-align-center elementor-widget elementor-widget-button\" data-id=\"3d6eedbb\" data-element_type=\"widget\" data-e-type=\"widget\" data-widget_type=\"button.default\">\n\t\t\t\t<div class=\"elementor-widget-container\">\n\t\t\t\t\t\t\t\t\t<div class=\"elementor-button-wrapper\">\n\t\t\t\t\t<a class=\"elementor-button elementor-button-link elementor-size-md\" href=\"https:\/\/rizlingandfriends.de\/?post_type=product\">\n\t\t\t\t\t\t<span class=\"elementor-button-content-wrapper\">\n\t\t\t\t\t\t<span class=\"elementor-button-icon\">\n\t\t\t\t<i aria-hidden=\"true\" class=\"fas fa-long-arrow-alt-right\"><\/i>\t\t\t<\/span>\n\t\t\t\t\t\t\t\t\t<span class=\"elementor-button-text\">\u00dczlet<\/span>\n\t\t\t\t\t<\/span>\n\t\t\t\t\t<\/a>\n\t\t\t\t<\/div>\n\t\t\t\t\t\t\t\t<\/div>\n\t\t\t\t<\/div>\n\t\t\t\t\t<\/div>\n\t\t<\/div>\n\t\t\t\t\t<\/div>\n\t\t<\/section>\n\t\t\t\t<\/div>\n\t\t","protected":false},"excerpt":{"rendered":"<p>ir\u00e1ny a borospince K\u00f6sz\u00f6nt\u00fcnk kis bor\u00e1szatunk weboldal\u00e1n! Tarts vel\u00fcnk virtu\u00e1lisan&hellip;<\/p>\n<p> <a class=\"more-link\" href=\"https:\/\/hu.rizlingandfriends.de\/\">Read more<\/a><\/p>\n","protected":false},"author":1,"featured_media":0,"parent":0,"menu_order":0,"comment_status":"closed","ping_status":"closed","template":"elementor_header_footer","meta":{"footnotes":""},"class_list":["post-58","page","type-page","status-publish"],"_links":{"self":[{"href":"https:\/\/hu.rizlingandfriends.de\/index.php?rest_route=\/wp\/v2\/pages\/58","targetHints":{"allow":["GET"]}}],"collection":[{"href":"https:\/\/hu.rizlingandfriends.de\/index.php?rest_route=\/wp\/v2\/pages"}],"about":[{"href":"https:\/\/hu.rizlingandfriends.de\/index.php?rest_route=\/wp\/v2\/types\/page"}],"author":[{"embeddable":true,"href":"https:\/\/hu.rizlingandfriends.de\/index.php?rest_route=\/wp\/v2\/users\/1"}],"replies":[{"embeddable":true,"href":"https:\/\/hu.rizlingandfriends.de\/index.php?rest_route=%2Fwp%2Fv2%2Fcomments&post=58"}],"version-history":[{"count":66,"href":"https:\/\/hu.rizlingandfriends.de\/index.php?rest_route=\/wp\/v2\/pages\/58\/revisions"}],"predecessor-version":[{"id":587,"href":"https:\/\/hu.rizlingandfriends.de\/index.php?rest_route=\/wp\/v2\/pages\/58\/revisions\/587"}],"wp:attachment":[{"href":"https:\/\/hu.rizlingandfriends.de\/index.php?rest_route=%2Fwp%2Fv2%2Fmedia&parent=58"}],"curies":[{"name":"wp","href":"https:\/\/api.w.org\/{rel}","templated":true}]}}