{"id":56,"date":"2022-04-16T11:49:55","date_gmt":"2022-04-16T09:49:55","guid":{"rendered":"https:\/\/hu.rizlingandfriends.de\/?page_id=56"},"modified":"2023-04-02T11:36:23","modified_gmt":"2023-04-02T09:36:23","slug":"impressum","status":"publish","type":"page","link":"https:\/\/hu.rizlingandfriends.de\/?page_id=56","title":{"rendered":"Impressum"},"content":{"rendered":"\t\t<div data-elementor-type=\"wp-page\" data-elementor-id=\"56\" class=\"elementor elementor-56\">\n\t\t\t\t\t\t<section class=\"elementor-section elementor-top-section elementor-element elementor-element-71066d24 elementor-section-boxed elementor-section-height-default elementor-section-height-default\" data-id=\"71066d24\" data-element_type=\"section\" data-e-type=\"section\">\n\t\t\t\t\t\t<div class=\"elementor-container elementor-column-gap-default\">\n\t\t\t\t\t<div class=\"elementor-column elementor-col-100 elementor-top-column elementor-element elementor-element-3af3c47b\" data-id=\"3af3c47b\" data-element_type=\"column\" data-e-type=\"column\">\n\t\t\t<div class=\"elementor-widget-wrap elementor-element-populated\">\n\t\t\t\t\t\t<div class=\"elementor-element elementor-element-6bc3a461 elementor-widget elementor-widget-text-editor\" data-id=\"6bc3a461\" data-element_type=\"widget\" data-e-type=\"widget\" data-widget_type=\"text-editor.default\">\n\t\t\t\t<div class=\"elementor-widget-container\">\n\t\t\t\t\t\t\t\t\t<p>G\u00e1bor Csanaki<br \/>2510 Dorog<br \/>Alkotm\u00e1ny utca 18.<\/p><p>T: +49-211-48462069<br \/>E: mail@rizlingandfriends.de<\/p><p>Nyilv\u00e1ntart\u00e1si sz\u00e1m: HU0241000R001<\/p>\t\t\t\t\t\t\t\t<\/div>\n\t\t\t\t<\/div>\n\t\t\t\t\t<\/div>\n\t\t<\/div>\n\t\t\t\t\t<\/div>\n\t\t<\/section>\n\t\t\t\t<\/div>\n\t\t","protected":false},"excerpt":{"rendered":"<p>G\u00e1bor Csanaki2510 DorogAlkotm\u00e1ny utca 18. T: +49-211-48462069E: mail@rizlingandfriends.de Nyilv\u00e1ntart\u00e1si sz\u00e1m:&hellip;<\/p>\n<p> <a class=\"more-link\" href=\"https:\/\/hu.rizlingandfriends.de\/?page_id=56\">Read more<\/a><\/p>\n","protected":false},"author":1,"featured_media":0,"parent":0,"menu_order":0,"comment_status":"closed","ping_status":"closed","template":"","meta":{"footnotes":""},"class_list":["post-56","page","type-page","status-publish"],"_links":{"self":[{"href":"https:\/\/hu.rizlingandfriends.de\/index.php?rest_route=\/wp\/v2\/pages\/56","targetHints":{"allow":["GET"]}}],"collection":[{"href":"https:\/\/hu.rizlingandfriends.de\/index.php?rest_route=\/wp\/v2\/pages"}],"about":[{"href":"https:\/\/hu.rizlingandfriends.de\/index.php?rest_route=\/wp\/v2\/types\/page"}],"author":[{"embeddable":true,"href":"https:\/\/hu.rizlingandfriends.de\/index.php?rest_route=\/wp\/v2\/users\/1"}],"replies":[{"embeddable":true,"href":"https:\/\/hu.rizlingandfriends.de\/index.php?rest_route=%2Fwp%2Fv2%2Fcomments&post=56"}],"version-history":[{"count":3,"href":"https:\/\/hu.rizlingandfriends.de\/index.php?rest_route=\/wp\/v2\/pages\/56\/revisions"}],"predecessor-version":[{"id":140,"href":"https:\/\/hu.rizlingandfriends.de\/index.php?rest_route=\/wp\/v2\/pages\/56\/revisions\/140"}],"wp:attachment":[{"href":"https:\/\/hu.rizlingandfriends.de\/index.php?rest_route=%2Fwp%2Fv2%2Fmedia&parent=56"}],"curies":[{"name":"wp","href":"https:\/\/api.w.org\/{rel}","templated":true}]}}