{"id":446,"date":"2023-04-12T22:46:09","date_gmt":"2023-04-12T20:46:09","guid":{"rendered":"https:\/\/hu.rizlingandfriends.de\/?page_id=446"},"modified":"2023-04-13T22:57:07","modified_gmt":"2023-04-13T20:57:07","slug":"rolunk","status":"publish","type":"page","link":"https:\/\/hu.rizlingandfriends.de\/?page_id=446","title":{"rendered":"Mi"},"content":{"rendered":"\t\t<div data-elementor-type=\"wp-page\" data-elementor-id=\"446\" class=\"elementor elementor-446\">\n\t\t\t\t\t\t<section class=\"elementor-section elementor-top-section elementor-element elementor-element-247adc9f elementor-section-stretched elementor-section-boxed elementor-section-height-default elementor-section-height-default\" data-id=\"247adc9f\" data-element_type=\"section\" data-e-type=\"section\" data-settings=\"{&quot;stretch_section&quot;:&quot;section-stretched&quot;,&quot;background_background&quot;:&quot;classic&quot;}\">\n\t\t\t\t\t\t\t<div class=\"elementor-background-overlay\"><\/div>\n\t\t\t\t\t\t\t<div class=\"elementor-container elementor-column-gap-default\">\n\t\t\t\t\t<div class=\"elementor-column elementor-col-100 elementor-top-column elementor-element elementor-element-72d8e232\" data-id=\"72d8e232\" data-element_type=\"column\" data-e-type=\"column\">\n\t\t\t<div class=\"elementor-widget-wrap elementor-element-populated\">\n\t\t\t\t\t\t<div class=\"elementor-element elementor-element-75d979e1 elementor-widget elementor-widget-heading\" data-id=\"75d979e1\" data-element_type=\"widget\" data-e-type=\"widget\" data-widget_type=\"heading.default\">\n\t\t\t\t<div class=\"elementor-widget-container\">\n\t\t\t\t\t<h2 class=\"elementor-heading-title elementor-size-default\">Mi<\/h2>\t\t\t\t<\/div>\n\t\t\t\t<\/div>\n\t\t\t\t\t<\/div>\n\t\t<\/div>\n\t\t\t\t\t<\/div>\n\t\t<\/section>\n\t\t\t\t<section class=\"elementor-section elementor-top-section elementor-element elementor-element-6aee17a9 elementor-section-stretched elementor-section-boxed elementor-section-height-default elementor-section-height-default\" data-id=\"6aee17a9\" data-element_type=\"section\" data-e-type=\"section\" data-settings=\"{&quot;stretch_section&quot;:&quot;section-stretched&quot;}\">\n\t\t\t\t\t\t<div class=\"elementor-container elementor-column-gap-default\">\n\t\t\t\t\t<div class=\"elementor-column elementor-col-100 elementor-top-column elementor-element elementor-element-26bc35c3\" data-id=\"26bc35c3\" data-element_type=\"column\" data-e-type=\"column\">\n\t\t\t<div class=\"elementor-widget-wrap\">\n\t\t\t\t\t\t\t<\/div>\n\t\t<\/div>\n\t\t\t\t\t<\/div>\n\t\t<\/section>\n\t\t\t\t<section class=\"elementor-section elementor-top-section elementor-element elementor-element-7dc2ad73 elementor-section-stretched elementor-section-boxed elementor-section-height-default elementor-section-height-default\" data-id=\"7dc2ad73\" data-element_type=\"section\" data-e-type=\"section\" data-settings=\"{&quot;stretch_section&quot;:&quot;section-stretched&quot;}\">\n\t\t\t\t\t\t<div class=\"elementor-container elementor-column-gap-default\">\n\t\t\t\t\t<div class=\"elementor-column elementor-col-100 elementor-top-column elementor-element elementor-element-222fcfbb\" data-id=\"222fcfbb\" data-element_type=\"column\" data-e-type=\"column\">\n\t\t\t<div class=\"elementor-widget-wrap\">\n\t\t\t\t\t\t\t<\/div>\n\t\t<\/div>\n\t\t\t\t\t<\/div>\n\t\t<\/section>\n\t\t\t\t<section class=\"elementor-section elementor-top-section elementor-element elementor-element-71c8e727 elementor-section-boxed elementor-section-height-default elementor-section-height-default\" data-id=\"71c8e727\" data-element_type=\"section\" data-e-type=\"section\">\n\t\t\t\t\t\t<div class=\"elementor-container elementor-column-gap-default\">\n\t\t\t\t\t<div class=\"elementor-column elementor-col-100 elementor-top-column elementor-element elementor-element-75f8a3d7\" data-id=\"75f8a3d7\" data-element_type=\"column\" data-e-type=\"column\">\n\t\t\t<div class=\"elementor-widget-wrap elementor-element-populated\">\n\t\t\t\t\t\t<div class=\"elementor-element elementor-element-79aa0da4 elementor-widget elementor-widget-text-editor\" data-id=\"79aa0da4\" data-element_type=\"widget\" data-e-type=\"widget\" data-widget_type=\"text-editor.default\">\n\t\t\t\t<div class=\"elementor-widget-container\">\n\t\t\t\t\t\t\t\t\t<p><span style=\"font-size: 24pt;\">Volt egyszer egy pajkos k\u00f6ly\u00f6kkutya&#8230; <br \/><\/span><span style=\"font-size: 14pt;\">&#8230; \u00fagy beleszeretett Szent Gy\u00f6rgy bazaltorgon\u00e1iba \u00e9s a magyar tenger megannyi sz\u00edn\u00e9be, <br \/><\/span><span style=\"font-size: 14pt;\">hogy el sem akart menni arr\u00f3l a bizonyos m\u00e1gikus sz\u0151l\u0151hegyr\u0151l. <\/span><\/p><p style=\"text-align: right;\"><span style=\"font-size: 14pt;\"><span style=\"font-size: 24pt;\">A s\u00e1rk\u00e1ny\u00f6l\u0151 szent el is nevezte \u0151t Rizlingnek&#8230;<\/span><br \/>&#8230; \u00e9s h\u00e1l\u00e1ja jel\u00e9\u00fcl egy pincekulcsot aj\u00e1nd\u00e9kozott\u00a0 n\u00e9gyl\u00e1b\u00fa bar\u00e1tj\u00e1nak.<\/span><\/p>\t\t\t\t\t\t\t\t<\/div>\n\t\t\t\t<\/div>\n\t\t\t\t<div class=\"elementor-element elementor-element-391a521 elementor-widget elementor-widget-image\" data-id=\"391a521\" data-element_type=\"widget\" data-e-type=\"widget\" data-widget_type=\"image.default\">\n\t\t\t\t<div class=\"elementor-widget-container\">\n\t\t\t\t\t\t\t\t\t\t\t\t\t\t\t<img decoding=\"async\" src=\"http:\/\/hu.rizlingandfriends.de\/wp-content\/uploads\/2022\/12\/rizling_es_baratai_illusztracio.png\" title=\"\" alt=\"\" loading=\"lazy\" \/>\t\t\t\t\t\t\t\t\t\t\t\t\t\t\t<\/div>\n\t\t\t\t<\/div>\n\t\t\t\t<div class=\"elementor-element elementor-element-141bee22 elementor-widget-divider--separator-type-pattern elementor-widget-divider--view-line elementor-widget elementor-widget-divider\" data-id=\"141bee22\" data-element_type=\"widget\" data-e-type=\"widget\" data-widget_type=\"divider.default\">\n\t\t\t\t<div class=\"elementor-widget-container\">\n\t\t\t\t\t\t\t<div class=\"elementor-divider\" style=\"--divider-pattern-url: url(&quot;data:image\/svg+xml,%3Csvg xmlns=&#039;http:\/\/www.w3.org\/2000\/svg&#039; preserveAspectRatio=&#039;none&#039; overflow=&#039;visible&#039; height=&#039;100%&#039; viewBox=&#039;0 0 20 16&#039; fill=&#039;none&#039; stroke=&#039;black&#039; stroke-width=&#039;1&#039; stroke-linecap=&#039;square&#039; stroke-miterlimit=&#039;10&#039;%3E%3Cg transform=&#039;translate(-12.000000, 0)&#039;%3E%3Cpath d=&#039;M28,0L10,18&#039;\/%3E%3Cpath d=&#039;M18,0L0,18&#039;\/%3E%3Cpath d=&#039;M48,0L30,18&#039;\/%3E%3Cpath d=&#039;M38,0L20,18&#039;\/%3E%3C\/g%3E%3C\/svg%3E&quot;);\">\n\t\t\t<span class=\"elementor-divider-separator\">\n\t\t\t\t\t\t<\/span>\n\t\t<\/div>\n\t\t\t\t\t\t<\/div>\n\t\t\t\t<\/div>\n\t\t\t\t<div class=\"elementor-element elementor-element-60dbd1c8 elementor-widget elementor-widget-text-editor\" data-id=\"60dbd1c8\" data-element_type=\"widget\" data-e-type=\"widget\" data-widget_type=\"text-editor.default\">\n\t\t\t\t<div class=\"elementor-widget-container\">\n\t\t\t\t\t\t\t\t\t<p><span style=\"font-size: 24pt;\">H\u00e1la Rizlingnek! <\/span><\/p><p><img fetchpriority=\"high\" fetchpriority=\"high\" decoding=\"async\" class=\"wp-image-12831 alignleft\" style=\"font-size: 18.6667px;\" src=\"https:\/\/rizlingandfriends.de\/wp-content\/uploads\/2022\/12\/Content_Kisapati-139_Titel_Gabor_SW-225x300.jpg\" alt=\"\" width=\"431\" height=\"574\" srcset=\"https:\/\/hu.rizlingandfriends.de\/wp-content\/uploads\/2022\/12\/Content_Kisapati-139_Titel_Gabor_SW-225x300.jpg 225w, https:\/\/hu.rizlingandfriends.de\/wp-content\/uploads\/2022\/12\/Content_Kisapati-139_Titel_Gabor_SW-300x400.jpg 300w, https:\/\/hu.rizlingandfriends.de\/wp-content\/uploads\/2022\/12\/Content_Kisapati-139_Titel_Gabor_SW.jpg 768w\" sizes=\"(max-width: 431px) 100vw, 431px\" \/><\/p><p><span style=\"font-size: 14pt;\">\u00a0A Szent Gy\u00f6rgy-hegyi pincekulccsal 2020-ban G\u00e1bor \u00e9s csal\u00e1dja sz\u00e1m\u00e1ra egy \u00faj izgalmas fejezet vette kezdet\u00e9t: belev\u00e1gtak a \u201eRizling \u00e9s bar\u00e1tai\u201d n\u00e9vre hallgat\u00f3 szenved\u00e9ly\u00fckbe. Egy picike bor\u00e1szat 0,33 hekt\u00e1ron, mely a hegy bork\u00e9sz\u00edt\u00e9si hagyom\u00e1ny\u00e1t \u00e9s a balatoni olaszrizling-kultuszt tov\u00e1bb viszi, valamint ezeket a hungarikumokat a K\u00e1rp\u00e1t-medenc\u00e9n t\u00fali borrajong\u00f3kkal is megszeretteti.\u00a0\u00a0<\/span><\/p><p><span style=\"font-size: 14pt;\">G\u00e1bor WSET diploma-tulajdonos, nemzetk\u00f6zi borakad\u00e9mikus \u00e9s rendezv\u00e9nyszervez\u0151-v\u00e1llalkoz\u00f3 a n\u00e9metorsz\u00e1gi D\u00fcsseldorfban. Rendezv\u00e9nyeinek m\u00e1r r\u00e9g\u00f3ta visszat\u00e9r\u0151 elemei a balatoni, tokaji \u00e9s szeksz\u00e1rdi egzotikumok. A magyar bor sz\u00edv\u00fcgye, a Tapolcai-medence m\u00e1gikus hegye pedig szerelem az els\u0151 l\u00e1t\u00e1sra.<\/span><\/p><p><span style=\"font-size: 14pt;\">Ahogy \u0151 mondan\u00e1: <\/span><\/p><p style=\"text-align: right;\"><span style=\"font-size: 14pt;\"><span style=\"font-size: 24pt;\">\u201eEz egy val\u00f3s\u00e1gos mesevil\u00e1g!\u201d<\/span> <\/span><\/p><p><span style=\"font-size: 14pt;\">Tele b\u0151g\u0151 szarvasokkal, a t\u00e1bort\u0171z k\u00f6r\u00fcl lopakod\u00f3 r\u00f3k\u00e1kkal, sz\u00ednes pr\u00e9sh\u00e1zakkal \u00e9s m\u00e9g sz\u00ednesebb bor\u00e1szegy\u00e9nis\u00e9gekkel. G\u00e1bor 2020 \u00f3ta Szent Gy\u00f6rgy t\u00f6rzsvend\u00e9gek\u00e9nt metsz, sz\u00e1lvessz\u0151t k\u00f6t\u00f6z, talajt munk\u00e1l, tervez, bort fejt \u00e9s h\u00e1zas\u00edt. Bor\u00e1sz seg\u00edt\u0151t\u00e1rsa Gyula, aki t\u00f6bb \u00e9vtizede a s\u00e1rk\u00e1ny\u00f6l\u0151 szent nagy bizalmasa. 1986-ban \u0151 tette le a bor\u00e1szat alapk\u00f6v\u00e9t, minden egyes sz\u0151l\u0151t\u0151k\u00e9vel besz\u00e9l\u0151 viszonyban van. G\u00e1bor csal\u00e1dja \u00e9s t\u00f6bb bar\u00e1tja is n\u00e9lk\u00fcl\u00f6zhetetlen szerepl\u0151 a \u201eRizling \u00e9s bar\u00e1tai\u201d h\u00e1za t\u00e1j\u00e1n: Mara, Csana, Markus, Lukas, Andr\u00e9 \u00e9s persze n\u00e9gyl\u00e1b\u00fa bar\u00e1tjuk: Rizling. Mert ha \u0151 nem lenne, nem lenne se pincekulcs, se a szomsz\u00e9d \u0151zekre vigy\u00e1z\u00f3 szem, sem a birtok j\u00f3 h\u00fasban l\u00e9v\u0151 nyulainak j\u00e1tsz\u00f3t\u00e1rs.<\/span><\/p><p style=\"text-align: right;\"><span style=\"font-size: 24pt;\">Gyertek, ismerjetek meg minket \u00e9s borainkat!<\/span><\/p><p style=\"text-align: right;\">\u00a0<\/p>\t\t\t\t\t\t\t\t<\/div>\n\t\t\t\t<\/div>\n\t\t\t\t<div class=\"elementor-element elementor-element-689429e8 elementor-widget-divider--separator-type-pattern elementor-widget-divider--view-line elementor-widget elementor-widget-divider\" data-id=\"689429e8\" data-element_type=\"widget\" data-e-type=\"widget\" data-widget_type=\"divider.default\">\n\t\t\t\t<div class=\"elementor-widget-container\">\n\t\t\t\t\t\t\t<div class=\"elementor-divider\" style=\"--divider-pattern-url: url(&quot;data:image\/svg+xml,%3Csvg xmlns=&#039;http:\/\/www.w3.org\/2000\/svg&#039; preserveAspectRatio=&#039;none&#039; overflow=&#039;visible&#039; height=&#039;100%&#039; viewBox=&#039;0 0 20 16&#039; fill=&#039;none&#039; stroke=&#039;black&#039; stroke-width=&#039;1&#039; stroke-linecap=&#039;square&#039; stroke-miterlimit=&#039;10&#039;%3E%3Cg transform=&#039;translate(-12.000000, 0)&#039;%3E%3Cpath d=&#039;M28,0L10,18&#039;\/%3E%3Cpath d=&#039;M18,0L0,18&#039;\/%3E%3Cpath d=&#039;M48,0L30,18&#039;\/%3E%3Cpath d=&#039;M38,0L20,18&#039;\/%3E%3C\/g%3E%3C\/svg%3E&quot;);\">\n\t\t\t<span class=\"elementor-divider-separator\">\n\t\t\t\t\t\t<\/span>\n\t\t<\/div>\n\t\t\t\t\t\t<\/div>\n\t\t\t\t<\/div>\n\t\t\t\t<div class=\"elementor-element elementor-element-540dbb71 elementor-widget elementor-widget-heading\" data-id=\"540dbb71\" data-element_type=\"widget\" data-e-type=\"widget\" data-widget_type=\"heading.default\">\n\t\t\t\t<div class=\"elementor-widget-container\">\n\t\t\t\t\t<h2 class=\"elementor-heading-title elementor-size-default\">RIZLING \u00e9s a bar\u00e1tok<\/h2>\t\t\t\t<\/div>\n\t\t\t\t<\/div>\n\t\t\t\t\t<\/div>\n\t\t<\/div>\n\t\t\t\t\t<\/div>\n\t\t<\/section>\n\t\t\t\t<section class=\"elementor-section elementor-top-section elementor-element elementor-element-52154977 elementor-section-boxed elementor-section-height-default elementor-section-height-default\" data-id=\"52154977\" data-element_type=\"section\" data-e-type=\"section\">\n\t\t\t\t\t\t<div class=\"elementor-container elementor-column-gap-default\">\n\t\t\t\t\t<div class=\"elementor-column elementor-col-100 elementor-top-column elementor-element elementor-element-24c58a7e\" data-id=\"24c58a7e\" data-element_type=\"column\" data-e-type=\"column\">\n\t\t\t<div class=\"elementor-widget-wrap elementor-element-populated\">\n\t\t\t\t\t\t<div class=\"elementor-element elementor-element-5bd5263c elementor-widget elementor-widget-a13fe-post-list\" data-id=\"5bd5263c\" data-element_type=\"widget\" data-e-type=\"widget\" data-widget_type=\"a13fe-post-list.default\">\n\t\t\t\t<div class=\"elementor-widget-container\">\n\t\t\t\t\t\t\t\t\t<div class=\"bricks-frame people-bricks people-bricks-1  variant-overlay cover-hover title-mid title-center texts-hover hover-effect-shift people-columns-4\">\r\n\t\t\t\t<div class=\"people-grid-container\" data-margin=\"10\">\r\n\t\t\t\t<div class=\"grid-master\"><\/div>\r\n\t\t\t\t<div class=\"archive-item object-item w1\" data-category-25=\"1\"><img decoding=\"async\" src=\"https:\/\/hu.rizlingandfriends.de\/wp-content\/uploads\/apollo13_images\/person_gabor_c-7c1tixa57461iq46dzvihg9o11phreib4m.jpg\" alt=\"\" width=\"279\" height=\"279\" \/><div class=\"cover\" style=\"background-color:rgba(0,0,0,0.5);\"><\/div><div class=\"covering-image\"><\/div><div class=\"caption\"><div class=\"texts_group\" style=\"color:rgba(255,255,255,1);\"><div class=\"subtitle\">DipWSET | Weinakademiker<\/div><h2 class=\"post-title\" style=\"color:rgba(255,255,255,1);\">G\u00e1bor<\/h2><div class=\"people-desc\" style=\"color:rgba(255,255,255,1);\"><\/div><div class=\"socials icons-only white color_hover\"><a target=\"_blank\" title=\"Instagram\" href=\"\" class=\"a13_soc-instagram fa fa-instagram\" rel=\"noopener\"><\/a><\/div><\/div><\/div><\/div><div class=\"archive-item object-item w1\" data-category-25=\"1\"><img decoding=\"async\" src=\"https:\/\/hu.rizlingandfriends.de\/wp-content\/uploads\/apollo13_images\/person_markus_c-7c1tixt8iz6ko02kqkyt5p109giraizv86.jpg\" alt=\"\" width=\"279\" height=\"279\" \/><div class=\"cover\" style=\"background-color:rgba(0,0,0,0.5);\"><\/div><div class=\"covering-image\"><\/div><div class=\"caption\"><div class=\"texts_group\" style=\"color:rgba(255,255,255,1);\"><div class=\"subtitle\">un cafe por favor!<\/div><h2 class=\"post-title\" style=\"color:rgba(255,255,255,1);\">Markus<\/h2><div class=\"people-desc\" style=\"color:rgba(255,255,255,1);\"><\/div><\/div><\/div><\/div><div class=\"archive-item object-item w1\" data-category-25=\"1\"><img loading=\"lazy\" loading=\"lazy\" decoding=\"async\" src=\"https:\/\/hu.rizlingandfriends.de\/wp-content\/uploads\/apollo13_images\/person_lukas_c-7c1tiwr1v95idg5s1es7t7ibsmw88a0r12.jpg\" alt=\"\" width=\"279\" height=\"279\" \/><div class=\"cover\" style=\"background-color:rgba(0,0,0,0.5);\"><\/div><div class=\"covering-image\"><\/div><div class=\"caption\"><div class=\"texts_group\" style=\"color:rgba(255,255,255,1);\"><div class=\"subtitle\">Pr\u00e9smester und Abf\u00fcllexperte<\/div><h2 class=\"post-title\" style=\"color:rgba(255,255,255,1);\">Lukas<\/h2><div class=\"people-desc\" style=\"color:rgba(255,255,255,1);\"><\/div><div class=\"socials icons-only white color_hover\"><a target=\"_blank\" title=\"Instagram\" href=\"\" class=\"a13_soc-instagram fa fa-instagram\" rel=\"noopener\"><\/a><\/div><\/div><\/div><\/div><div class=\"archive-item object-item w1\" data-category-25=\"1\"><img loading=\"lazy\" loading=\"lazy\" decoding=\"async\" src=\"https:\/\/hu.rizlingandfriends.de\/wp-content\/uploads\/apollo13_images\/person_mara-7c1n6mrft1q8osg9oydjqvm38pg6w4e4ly.jpg\" alt=\"\" width=\"279\" height=\"279\" \/><div class=\"cover\" style=\"background-color:rgba(0,0,0,0.5);\"><\/div><div class=\"covering-image\"><\/div><div class=\"caption\"><div class=\"texts_group\" style=\"color:rgba(255,255,255,1);\"><div class=\"subtitle\">Gulaschk\u00f6nigin und Strudelfee<\/div><h2 class=\"post-title\" style=\"color:rgba(255,255,255,1);\">Mara<\/h2><div class=\"people-desc\" style=\"color:rgba(255,255,255,1);\"><\/div><\/div><\/div><\/div><div class=\"archive-item object-item w1\" data-category-25=\"1\"><img loading=\"lazy\" loading=\"lazy\" decoding=\"async\" src=\"https:\/\/hu.rizlingandfriends.de\/wp-content\/uploads\/apollo13_images\/person_csana-7c1n6m8ch6ppjihvcda92mur0amxczwkie.jpg\" alt=\"\" width=\"279\" height=\"279\" \/><div class=\"cover\" style=\"background-color:rgba(0,0,0,0.5);\"><\/div><div class=\"covering-image\"><\/div><div class=\"caption\"><div class=\"texts_group\" style=\"color:rgba(255,255,255,1);\"><div class=\"subtitle\">Qualit\u00e4tssicherung<\/div><h2 class=\"post-title\" style=\"color:rgba(255,255,255,1);\">Csana<\/h2><div class=\"people-desc\" style=\"color:rgba(255,255,255,1);\"><\/div><\/div><\/div><\/div><div class=\"archive-item object-item w1\" data-category-25=\"1\"><img loading=\"lazy\" loading=\"lazy\" decoding=\"async\" src=\"https:\/\/hu.rizlingandfriends.de\/wp-content\/uploads\/apollo13_images\/person_Rizling-7c1tqcb7le3ttgpvezhajyn9o80aqo2wuu.jpg\" alt=\"\" width=\"279\" height=\"279\" \/><div class=\"cover\" style=\"background-color:rgba(0,0,0,0.5);\"><\/div><div class=\"covering-image\"><\/div><div class=\"caption\"><div class=\"texts_group\" style=\"color:rgba(255,255,255,1);\"><div class=\"subtitle\">Der Kurzhaarcollie<\/div><h2 class=\"post-title\" style=\"color:rgba(255,255,255,1);\">Rizling<\/h2><div class=\"people-desc\" style=\"color:rgba(255,255,255,1);\"><\/div><\/div><\/div><\/div><div class=\"archive-item object-item w1\" data-category-25=\"1\"><img loading=\"lazy\" loading=\"lazy\" decoding=\"async\" src=\"https:\/\/hu.rizlingandfriends.de\/wp-content\/uploads\/apollo13_images\/person_gyula-7c1g0e1pki96vn808tptxn0nfujn0epxau.jpg\" alt=\"\" width=\"279\" height=\"279\" \/><div class=\"cover\" style=\"background-color:rgba(0,0,0,0.5);\"><\/div><div class=\"covering-image\"><\/div><div class=\"caption\"><div class=\"texts_group\" style=\"color:rgba(255,255,255,1);\"><div class=\"subtitle\">Die Legende<\/div><h2 class=\"post-title\" style=\"color:rgba(255,255,255,1);\">Gyula<\/h2><div class=\"people-desc\" style=\"color:rgba(255,255,255,1);\"><\/div><\/div><\/div><\/div><div class=\"archive-item object-item w1\" data-category-25=\"1\"><img loading=\"lazy\" loading=\"lazy\" decoding=\"async\" src=\"https:\/\/hu.rizlingandfriends.de\/wp-content\/uploads\/apollo13_images\/person_andre-7c1tlz2aeg84uywor9tvvth0e7zaq7gvkm.jpg\" alt=\"\" width=\"279\" height=\"279\" \/><div class=\"cover\" style=\"background-color:rgba(0,0,0,0.5);\"><\/div><div class=\"covering-image\"><\/div><div class=\"caption\"><div class=\"texts_group\" style=\"color:rgba(255,255,255,1);\"><div class=\"subtitle\">Meister des Rebschnitts<\/div><h2 class=\"post-title\" style=\"color:rgba(255,255,255,1);\">Andr\u00e9<\/h2><div class=\"people-desc\" style=\"color:rgba(255,255,255,1);\"><\/div><\/div><\/div><\/div>\t\t\t\t<\/div>\r\n\t\t\t\t<\/div>\r\n\t\t\t\t<div class=\"clear\"><\/div>\r\n\t\t\t\t\t\t\t\t<\/div>\n\t\t\t\t<\/div>\n\t\t\t\t<div class=\"elementor-element elementor-element-36563138 elementor-widget elementor-widget-spacer\" data-id=\"36563138\" data-element_type=\"widget\" data-e-type=\"widget\" data-widget_type=\"spacer.default\">\n\t\t\t\t<div class=\"elementor-widget-container\">\n\t\t\t\t\t\t\t<div class=\"elementor-spacer\">\n\t\t\t<div class=\"elementor-spacer-inner\"><\/div>\n\t\t<\/div>\n\t\t\t\t\t\t<\/div>\n\t\t\t\t<\/div>\n\t\t\t\t<div class=\"elementor-element elementor-element-721a6eaf elementor-widget elementor-widget-heading\" data-id=\"721a6eaf\" data-element_type=\"widget\" data-e-type=\"widget\" data-widget_type=\"heading.default\">\n\t\t\t\t<div class=\"elementor-widget-container\">\n\t\t\t\t\t<h2 class=\"elementor-heading-title elementor-size-default\">...\u00e9s a tettrek\u00e9sz sz\u00fcreti brig\u00e1d<\/h2>\t\t\t\t<\/div>\n\t\t\t\t<\/div>\n\t\t\t\t\t<\/div>\n\t\t<\/div>\n\t\t\t\t\t<\/div>\n\t\t<\/section>\n\t\t\t\t<section class=\"elementor-section elementor-top-section elementor-element elementor-element-5ea082e5 elementor-section-boxed elementor-section-height-default elementor-section-height-default\" data-id=\"5ea082e5\" data-element_type=\"section\" data-e-type=\"section\">\n\t\t\t\t\t\t<div class=\"elementor-container elementor-column-gap-default\">\n\t\t\t\t\t<div class=\"elementor-column elementor-col-100 elementor-top-column elementor-element elementor-element-2113f001\" data-id=\"2113f001\" data-element_type=\"column\" data-e-type=\"column\">\n\t\t\t<div class=\"elementor-widget-wrap elementor-element-populated\">\n\t\t\t\t\t\t<div class=\"elementor-element elementor-element-13cf806b elementor-widget elementor-widget-a13fe-post-list\" data-id=\"13cf806b\" data-element_type=\"widget\" data-e-type=\"widget\" data-widget_type=\"a13fe-post-list.default\">\n\t\t\t\t<div class=\"elementor-widget-container\">\n\t\t\t\t\t\t\t\t\t<div class=\"bricks-frame people-bricks people-bricks-2  variant-overlay cover-hover title-mid title-center texts-hover hover-effect-shift people-columns-4\">\r\n\t\t\t\t<div class=\"people-grid-container\" data-margin=\"5\">\r\n\t\t\t\t<div class=\"grid-master\"><\/div>\r\n\t\t\t\t<div class=\"archive-item object-item w1\" data-category-26=\"1\"><img loading=\"lazy\" loading=\"lazy\" decoding=\"async\" src=\"https:\/\/hu.rizlingandfriends.de\/wp-content\/uploads\/apollo13_images\/person_lujzi-7c1n6kdji61j2ciueoo6axoggyera0vory.jpg\" alt=\"\" width=\"477\" height=\"477\" \/><div class=\"cover\" style=\"background-color:rgba(0,0,0,0.5);\"><\/div><div class=\"covering-image\"><\/div><div class=\"caption\"><div class=\"texts_group\" style=\"color:rgba(255,255,255,1);\"><div class=\"subtitle\"><\/div><h2 class=\"post-title\" style=\"color:rgba(255,255,255,1);\">Lujzi<\/h2><div class=\"people-desc\" style=\"color:rgba(255,255,255,1);\"><\/div><\/div><\/div><\/div><div class=\"archive-item object-item w1\" data-category-26=\"1\"><img loading=\"lazy\" loading=\"lazy\" decoding=\"async\" src=\"https:\/\/hu.rizlingandfriends.de\/wp-content\/uploads\/apollo13_images\/person_samu-7c1n6cop86btfu62c6udjeo12zmf2pt3ce.jpg\" alt=\"\" width=\"477\" height=\"477\" \/><div class=\"cover\" style=\"background-color:rgba(0,0,0,0.5);\"><\/div><div class=\"covering-image\"><\/div><div class=\"caption\"><div class=\"texts_group\" style=\"color:rgba(255,255,255,1);\"><div class=\"subtitle\"><\/div><h2 class=\"post-title\" style=\"color:rgba(255,255,255,1);\">Samu<\/h2><div class=\"people-desc\" style=\"color:rgba(255,255,255,1);\"><\/div><\/div><\/div><\/div><div class=\"archive-item object-item w1\" data-category-26=\"1\"><img loading=\"lazy\" loading=\"lazy\" decoding=\"async\" src=\"https:\/\/hu.rizlingandfriends.de\/wp-content\/uploads\/apollo13_images\/person_tekla-7c1n6bcywishkna2gq44usrohyl98wl73i.jpg\" alt=\"\" width=\"477\" height=\"477\" \/><div class=\"cover\" style=\"background-color:rgba(0,0,0,0.5);\"><\/div><div class=\"covering-image\"><\/div><div class=\"caption\"><div class=\"texts_group\" style=\"color:rgba(255,255,255,1);\"><div class=\"subtitle\"><\/div><h2 class=\"post-title\" style=\"color:rgba(255,255,255,1);\">Tekla<\/h2><div class=\"people-desc\" style=\"color:rgba(255,255,255,1);\"><\/div><\/div><\/div><\/div><div class=\"archive-item object-item w1\" data-category-26=\"1\"><img loading=\"lazy\" loading=\"lazy\" decoding=\"async\" src=\"https:\/\/hu.rizlingandfriends.de\/wp-content\/uploads\/apollo13_images\/person_gabor2-7c1n6c5lwbbaak7nzlr2v5woukt5jlbj8u.jpg\" alt=\"\" width=\"477\" height=\"477\" \/><div class=\"cover\" style=\"background-color:rgba(0,0,0,0.5);\"><\/div><div class=\"covering-image\"><\/div><div class=\"caption\"><div class=\"texts_group\" style=\"color:rgba(255,255,255,1);\"><div class=\"subtitle\"><\/div><h2 class=\"post-title\" style=\"color:rgba(255,255,255,1);\">G\u00e1bor<\/h2><div class=\"people-desc\" style=\"color:rgba(255,255,255,1);\"><\/div><\/div><\/div><\/div><div class=\"archive-item object-item w1\" data-category-26=\"1\"><img loading=\"lazy\" loading=\"lazy\" decoding=\"async\" src=\"https:\/\/hu.rizlingandfriends.de\/wp-content\/uploads\/apollo13_images\/person_caro-7c1tp1wmy06z12hd436b7tofibhw1834tq.jpg\" alt=\"\" width=\"477\" height=\"477\" \/><div class=\"cover\" style=\"background-color:rgba(0,0,0,0.5);\"><\/div><div class=\"covering-image\"><\/div><div class=\"caption\"><div class=\"texts_group\" style=\"color:rgba(255,255,255,1);\"><div class=\"subtitle\"><\/div><h2 class=\"post-title\" style=\"color:rgba(255,255,255,1);\">Caro<\/h2><div class=\"people-desc\" style=\"color:rgba(255,255,255,1);\"><\/div><\/div><\/div><\/div>\t\t\t\t<\/div>\r\n\t\t\t\t<\/div>\r\n\t\t\t\t<div class=\"clear\"><\/div>\r\n\t\t\t\t\t\t\t\t<\/div>\n\t\t\t\t<\/div>\n\t\t\t\t\t<\/div>\n\t\t<\/div>\n\t\t\t\t\t<\/div>\n\t\t<\/section>\n\t\t\t\t<section class=\"elementor-section elementor-top-section elementor-element elementor-element-7c1a33d5 elementor-section-boxed elementor-section-height-default elementor-section-height-default\" data-id=\"7c1a33d5\" data-element_type=\"section\" data-e-type=\"section\">\n\t\t\t\t\t\t<div class=\"elementor-container elementor-column-gap-default\">\n\t\t\t\t\t<div class=\"elementor-column elementor-col-100 elementor-top-column elementor-element elementor-element-477a00dd\" data-id=\"477a00dd\" data-element_type=\"column\" data-e-type=\"column\">\n\t\t\t<div class=\"elementor-widget-wrap\">\n\t\t\t\t\t\t\t<\/div>\n\t\t<\/div>\n\t\t\t\t\t<\/div>\n\t\t<\/section>\n\t\t\t\t<\/div>\n\t\t","protected":false},"excerpt":{"rendered":"<p>Mi Volt egyszer egy pajkos k\u00f6ly\u00f6kkutya&#8230; &#8230; \u00fagy beleszeretett Szent&hellip;<\/p>\n<p> <a class=\"more-link\" href=\"https:\/\/hu.rizlingandfriends.de\/?people=caro\">Read more<\/a><\/p>\n","protected":false},"author":1,"featured_media":0,"parent":0,"menu_order":0,"comment_status":"closed","ping_status":"closed","template":"elementor_header_footer","meta":{"footnotes":""},"class_list":["post-446","page","type-page","status-publish"],"_links":{"self":[{"href":"https:\/\/hu.rizlingandfriends.de\/index.php?rest_route=\/wp\/v2\/pages\/446","targetHints":{"allow":["GET"]}}],"collection":[{"href":"https:\/\/hu.rizlingandfriends.de\/index.php?rest_route=\/wp\/v2\/pages"}],"about":[{"href":"https:\/\/hu.rizlingandfriends.de\/index.php?rest_route=\/wp\/v2\/types\/page"}],"author":[{"embeddable":true,"href":"https:\/\/hu.rizlingandfriends.de\/index.php?rest_route=\/wp\/v2\/users\/1"}],"replies":[{"embeddable":true,"href":"https:\/\/hu.rizlingandfriends.de\/index.php?rest_route=%2Fwp%2Fv2%2Fcomments&post=446"}],"version-history":[{"count":30,"href":"https:\/\/hu.rizlingandfriends.de\/index.php?rest_route=\/wp\/v2\/pages\/446\/revisions"}],"predecessor-version":[{"id":559,"href":"https:\/\/hu.rizlingandfriends.de\/index.php?rest_route=\/wp\/v2\/pages\/446\/revisions\/559"}],"wp:attachment":[{"href":"https:\/\/hu.rizlingandfriends.de\/index.php?rest_route=%2Fwp%2Fv2%2Fmedia&parent=446"}],"curies":[{"name":"wp","href":"https:\/\/api.w.org\/{rel}","templated":true}]}}